{"id":6766,"date":"2020-03-31T13:59:59","date_gmt":"2020-03-31T11:59:59","guid":{"rendered":"https:\/\/www.eurosilos.it\/privacy-policy\/"},"modified":"2024-04-09T08:52:39","modified_gmt":"2024-04-09T06:52:39","slug":"privacy-policy","status":"publish","type":"page","link":"https:\/\/www.eurosilos.it\/es\/privacy-policy\/","title":{"rendered":"Privacy Policy"},"content":{"rendered":"\n<p>La sociedad EUROSILOS SIRP SRL, con domicilio social en VIA I\u00b0 MAGGIO n.\u00b0 58\/60, 25010 ISORELLA (BS), C.F. y P.IVA 03278360981 (en adelante, \u00abResponsable del Tratamiento\u00bb), en su calidad de Responsable del Tratamiento, le informa en virtud del art. 13 Reglamento UE n.\u00b0 2016\/679 (en adelante, \u00abRGPD\u00bb) que basa su tratamiento de datos en los principios de equidad, licitud, transparencia y necesidad, previstos en la citada normativa, y que sus datos ser\u00e1n tratados de las siguientes formas y con las siguientes finalidades:<\/p>\n\n\n\n<h2 class=\"wp-block-heading\">1. Objeto del tratamiento<\/h2>\n\n\n\n<p>El Responsable del tratamiento trata los datos personales y de identificaci\u00f3n (en concreto, nombre, apellidos, c\u00f3digo fiscal, n\u00famero de IVA, direcci\u00f3n de correo electr\u00f3nico, n\u00famero de tel\u00e9fono &#8211; en lo sucesivo,<strong>\u00abdatos personales<\/strong>\u00bb o<strong>\u00abdatos<\/strong>\u00ab) comunicados por usted:<\/p>\n\n\n\n<p>&#8211; al registrarse en el sitio web del Responsable del tratamiento.<\/p>\n\n\n\n<p>&#8211; al suscribirse al servicio de bolet\u00edn informativo ofrecido por el Responsable del tratamiento.<\/p>\n\n\n\n<p>&#8211; con motivo de la respuesta del Responsable del tratamiento a la solicitud de informaci\u00f3n de los usuarios\/suscriptores del sitio.<\/p>\n\n\n\n<h2 class=\"wp-block-heading\">2. Finalidad y fundamento jur\u00eddico del tratamiento<\/h2>\n\n\n\n<p>Sus datos personales son objeto de tratamiento:<\/p>\n\n\n\n<p>A) sin su consentimiento expreso (art. 6 letra b, e del RGPD), para los siguientes fines de servicio:<\/p>\n\n\n\n<p>&#8211; cumplir las obligaciones precontractuales, contractuales y fiscales derivadas de la relaci\u00f3n con usted.<\/p>\n\n\n\n<p>&#8211; cumplir las obligaciones impuestas por la ley, un reglamento, la legislaci\u00f3n de la UE o una orden de la Autoridad (como la lucha contra el blanqueo de capitales).<br>&#8211; permitirle registrarse en el sitio del Responsable del tratamiento.<\/p>\n\n\n\n<p>&#8211; responder a sus preguntas a trav\u00e9s del formulario que debe cumplimentar en el sitio del Responsable del tratamiento.<\/p>\n\n\n\n<p>&#8211; gestionar y mantener el sitio web del Responsable del tratamiento.<\/p>\n\n\n\n<p>&#8211; permitirle suscribirse al servicio de boletines informativos proporcionado por el Responsable del Tratamiento y a cualquier otro servicio que pueda necesitar.<\/p>\n\n\n\n<p>&#8211; ejercer los derechos del Responsable del tratamiento, como el derecho de defensa ante los tribunales.<\/p>\n\n\n\n<p>B) S\u00f3lo con su consentimiento espec\u00edfico y por separado y especificando el proveedor, en su caso, utilizado por nosotros (Art. 7 RGPD) sus datos ser\u00e1n procesados para los siguientes fines de marketing:<\/p>\n\n\n\n<p>&#8211; enviarle por correo electr\u00f3nico, correo postal y\/o sms y\/o contacto telef\u00f3nico, boletines promocionales, comunicaciones comerciales y\/o material publicitario sobre productos y servicios ofrecidos por el Responsable del Tratamiento y encuestas de satisfacci\u00f3n sobre la calidad de los servicios;<\/p>\n\n\n\n<h2 class=\"wp-block-heading\">3. Modalidades de tratamiento<\/h2>\n\n\n\n<p>El tratamiento de sus datos personales se lleva a cabo mediante las operaciones indicadas en el Art. 4 n.\u00b0 2) RGPD y, en concreto: recogida, registro, organizaci\u00f3n, almacenamiento, consulta, tratamiento, modificaci\u00f3n, selecci\u00f3n, extracci\u00f3n, comparaci\u00f3n, uso, interconexi\u00f3n, bloqueo, comunicaci\u00f3n, supresi\u00f3n y destrucci\u00f3n de datos. Sus datos personales son objeto de tratamiento tanto en papel como electr\u00f3nico y\/o automatizado.&nbsp;<br>El Responsable del Tratamiento tratar\u00e1 los datos personales durante el tiempo necesario para cumplir los fines mencionados y, en cualquier caso, durante un plazo no superior a 10 a\u00f1os a partir de la finalizaci\u00f3n de la relaci\u00f3n para los Fines de Servicio y durante un plazo no superior a 3 a\u00f1os a partir de la recogida de los datos para los Fines de Marketing.<\/p>\n\n\n\n<h2 class=\"wp-block-heading\">4. Acceso a los datos<\/h2>\n\n\n\n<p>Sus datos podr\u00e1n ser accesibles para los fines establecidos en el art. 2.A) y 2.B) de este aviso:<br>&#8211; empleados y colaboradores del Responsable del tratamiento, en su calidad de encargados y\/o encargados internos del tratamiento y\/o administradores de sistemas;<\/p>\n\n\n\n<p>&#8211; terceras empresas u otras entidades (proveedores de gesti\u00f3n y mantenimiento de sitios web, proveedores, entidades de cr\u00e9dito, despachos profesionales) que realicen actividades de externalizaci\u00f3n por cuenta del Responsable del tratamiento, en su calidad de encargados externos del tratamiento.<\/p>\n\n\n\n<h2 class=\"wp-block-heading\">5. Comunicaci\u00f3n de datos<\/h2>\n\n\n\n<p>Sin necesidad de su consentimiento expreso (Art. 6 p\u00e1rrafo b) y c) RGPD), el Responsable del tratamiento podr\u00e1 comunicar sus datos a los efectos del art. 2.A) a los \u00d3rganos de Control, Autoridades Judiciales, as\u00ed como a todas aquellas otras entidades a las que la ley obligue a comunicar para el cumplimiento de los fines anteriormente mencionados. Estas partes tratar\u00e1n los datos en su calidad de responsables aut\u00f3nomos del tratamiento. Sus datos no se difundir\u00e1n.<\/p>\n\n\n\n<h2 class=\"wp-block-heading\">6. Transferencia de datos&nbsp;<\/h2>\n\n\n\n<p>La gesti\u00f3n y almacenamiento de los datos personales tendr\u00e1 lugar en servidores ubicados dentro de la Uni\u00f3n Europea del Responsable del Tratamiento y\/o de terceras empresas designadas y debidamente nombradas como Encargados del Tratamiento. Los datos no se transferir\u00e1n fuera de la Uni\u00f3n Europea. En cualquier caso, se entiende que el Responsable del tratamiento, si fuera necesario, tendr\u00e1 derecho a trasladar la ubicaci\u00f3n de los servidores a Italia y\/o a la Uni\u00f3n Europea y\/o a pa\u00edses no pertenecientes a la UE. En este caso, el Responsable del tratamiento garantiza que la transferencia de datos fuera de la UE se realizar\u00e1 de conformidad con las disposiciones legales aplicables, celebrando, si fuera necesario, acuerdos que garanticen un nivel de protecci\u00f3n adecuado y\/o adoptando las cl\u00e1usulas contractuales tipo previstas por la Comisi\u00f3n Europea.<\/p>\n\n\n\n<h2 class=\"wp-block-heading\">7. Naturaleza del suministro de datos y consecuencias de la negativa a responder<\/h2>\n\n\n\n<p>El suministro de datos a efectos del art. 2.A) es obligatorio. En su ausencia, no podremos garantizarle ni el registro en el sitio ni los Servicios del art. 2.A).<br>El suministro de datos a efectos del art. 2.B) es opcional. Por lo tanto, puede decidir no facilitar ning\u00fan dato o rechazar posteriormente el tratamiento de los datos ya facilitados: en este caso, no podr\u00e1 recibir boletines informativos, comunicaciones comerciales y material publicitario relacionado con los Servicios ofrecidos por el Responsable del tratamiento o por cualquier socio comercial. En cualquier caso, seguir\u00e1 teniendo derecho a los Servicios seg\u00fan lo establecido en el Art. 2.A).<\/p>\n\n\n\n<h2 class=\"wp-block-heading\">8. Derechos del interesado&nbsp;<\/h2>\n\n\n\n<p>Como interesado, tiene los derechos previstos en el art. 15 RGPD y espec\u00edficamente los derechos a:&nbsp;<br>i. obtener la confirmaci\u00f3n de la existencia o inexistencia de datos personales que le conciernan, aunque a\u00fan no se hayan registrado, y su comunicaci\u00f3n en forma inteligible;&nbsp;<br>ii. obtener informaci\u00f3n sobre: a) el origen de los datos personales; b) las finalidades y modalidades del tratamiento; c) la l\u00f3gica aplicada en caso de tratamiento efectuado con la ayuda de instrumentos electr\u00f3nicos; d) la identidad del responsable del tratamiento, de los encargados del tratamiento y del representante designado en virtud del art. 3, p\u00e1rrafo 1, RGPD; e) los sujetos o categor\u00edas de sujetos a los que se pueden comunicar los datos personales o que pueden tener conocimiento de los mismos en calidad de representante designado en el territorio del Estado, como responsables o encargados;<br>iii. obtener: a) la actualizaci\u00f3n, la rectificaci\u00f3n o, cuando est\u00e9 interesado, la integraci\u00f3n de los datos; b) la cancelaci\u00f3n, la transformaci\u00f3n en forma an\u00f3nima o el bloqueo de los datos tratados en violaci\u00f3n de ley, incluidos aquellos cuya conservaci\u00f3n no sea necesaria en relaci\u00f3n con los fines para los cuales los datos han sido recogidos o sucesivamente tratados c) la certificaci\u00f3n de que las operaciones indicadas en las letras a) y b) han sido notificadas, tambi\u00e9n en lo que se refiere a su contenido, a los sujetos a los que los datos han sido comunicados o difundidos, a menos que tal exigencia resulte imposible o comporte un empleo de medios manifiestamente desproporcionado respecto al derecho que se pretende tutelar;&nbsp;<br>iv. oponerse, total o parcialmente: a) por motivos leg\u00edtimos, al tratamiento de los datos personales que le conciernen, aunque sean pertinentes para la finalidad de la recogida; b) al tratamiento de los datos personales que le conciernen para el env\u00edo de material publicitario o de venta directa o para la realizaci\u00f3n de estudios de mercado o encuestas de comunicaci\u00f3n comercial, mediante sistemas de llamada automatizada sin intervenci\u00f3n de un operador, por correo electr\u00f3nico y\/o mediante m\u00e9todos tradicionales de marketing por tel\u00e9fono y\/o correo postal. Cabe se\u00f1alar que el derecho de oposici\u00f3n del interesado, tal como se establece en el punto b) anterior, para fines de venta directa mediante m\u00e9todos automatizados se extiende a los m\u00e9todos tradicionales y que, en cualquier caso, el derecho de oposici\u00f3n del interesado tambi\u00e9n puede ejercerse parcialmente. Por lo tanto, el interesado puede decidir recibir s\u00f3lo comunicaciones por medios tradicionales o s\u00f3lo comunicaciones automatizadas, o ninguna de las dos cosas.<br>En su caso, tambi\u00e9n tiene los derechos previstos en el art. 16-21 del RGPD (Derecho de rectificaci\u00f3n, derecho al olvido, derecho a la limitaci\u00f3n del tratamiento, derecho a la portabilidad de los datos, derecho de oposici\u00f3n), as\u00ed como el derecho a reclamar ante la Autoridad de Protecci\u00f3n de Datos.<\/p>\n\n\n\n<h2 class=\"wp-block-heading\">9. Modalidades de ejercicio de los derechos<\/h2>\n\n\n\n<p>Puede ejercer sus derechos en cualquier momento enviando:&nbsp;<\/p>\n\n\n\n<p>-una carta certificada con acuse de recibo a EUROSILOS SIRP SRL, VIA I\u00b0 MAGGIO n.\u00b0 58\/60, 25010 ISORELLA (BS)<\/p>\n\n\n\n<p>-un correo electr\u00f3nico a: <a href=\"mailto:privacy@gruppotelefri.it\">privacy@gruppotelefri.it<\/a><strong><\/strong><\/p>\n\n\n\n<h2 class=\"wp-block-heading\">10. Responsable del tratamiento, encargado y personas designadas<\/h2>\n\n\n\n<p>El Responsable del tratamiento es EUROSILOS SIRP SRL, con domicilio social en VIA I\u00b0 MAGGIO n.\u00b0 58\/60, 25010 ISORELLA (BS), C.F. y P.IVA 03278360981.<br>La lista actualizada de responsables y encargados del tratamiento se conserva en la sede del responsable del tratamiento.<\/p>\n\n\n\n<h2 class=\"wp-block-heading\">Pol\u00edtica de cookies<\/h2>\n\n\n\n<p>Para que el sitio sea m\u00e1s f\u00e1cil e intuitivo, usamos cookies. Las cookies son datos que nos permiten comparar visitantes nuevos y antiguos y comprender c\u00f3mo navegan los usuarios por nuestro sitio. Utilizamos los datos recogidos a trav\u00e9s de las cookies para que su experiencia de navegaci\u00f3n sea m\u00e1s agradable y eficiente en el futuro.<\/p>\n\n\n\n<p>Las cookies no registran ninguna informaci\u00f3n personal sobre un usuario y no se almacenar\u00e1 ning\u00fan dato identificable. Si desea desactivar el uso de cookies, debe personalizar la configuraci\u00f3n de su ordenador estableciendo la eliminaci\u00f3n de todas las cookies o activando un mensaje de advertencia cuando se almacenen cookies. Para continuar sin cambiar la aplicaci\u00f3n de cookies, simplemente contin\u00fae navegando.<\/p>\n\n\n\n<h3 class=\"wp-block-heading\">Desactivaci\u00f3n de cookies<\/h3>\n\n\n\n<p>Las cookies est\u00e1n vinculadas al navegador utilizado y <strong>pueden desactivarse directamente desde el navegador<\/strong>, denegando\/revocando as\u00ed el consentimiento para el uso de cookies. Debe tenerse en cuenta que la desactivaci\u00f3n de las cookies puede impedir el uso correcto de determinadas funciones del sitio.<\/p>\n\n\n\n<p>Encontrar\u00e1 instrucciones para desactivar las cookies en las siguientes p\u00e1ginas web:<br><a href=\"https:\/\/support.mozilla.org\/it\/kb\/Attivare%20e%20disattivare%20i%20cookie\" target=\"_blank\" rel=\"noreferrer noopener\">Mozilla Firefox<\/a> &#8211; <a href=\"https:\/\/support.microsoft.com\/it-it\/help\/17442\/windows-internet-explorer-delete-manage-cookies\" target=\"_blank\" rel=\"noreferrer noopener\">Microsoft Internet Explorer<\/a> &#8211; <a href=\"https:\/\/support.microsoft.com\/it-it\/help\/4027947\/windows-delete-cookies\" target=\"_blank\" rel=\"noreferrer noopener\">Microsoft Edge<\/a> &#8211; <a href=\"https:\/\/support.google.com\/chrome\/answer\/95647?hl=it\" target=\"_blank\" rel=\"noreferrer noopener\">Google Chrome<\/a> &#8211; <a href=\"http:\/\/help.opera.com\/Windows\/10.00\/it\/cookies.html\" target=\"_blank\" rel=\"noreferrer noopener\">Opera<\/a> &#8211; <a href=\"https:\/\/support.apple.com\/it-it\/HT201265\" target=\"_blank\" rel=\"noreferrer noopener\">Safari de Apple<\/a><\/p>\n\n\n\n<p>Visite <a href=\"http:\/\/www.garanteprivacy.it\/cookie\" target=\"_blank\" rel=\"noreferrer noopener\">la secci\u00f3n dedicada en el sitio web del Responsable de la privacidad<\/a> para obtener m\u00e1s informaci\u00f3n sobre las cookies y c\u00f3mo afectan a su experiencia de navegaci\u00f3n.<\/p>\n\n\n\n<h3 class=\"wp-block-heading\">Tipos y finalidades de las cookies<\/h3>\n\n\n\n<p>Las cookies pueden ser:<\/p>\n\n\n\n<ul class=\"wp-block-list\"><li><strong>cookies de origen<\/strong>: son cookies generadas y gestionadas directamente por el titular de la p\u00e1gina web en la que el usuario est\u00e1 navegando.<\/li><li><strong>cookies de terceros<\/strong>: son cookies generadas y gestionadas por terceros distintos del titular del sitio web por el que navega el usuario. Son creadas por un sitio web distinto del que est\u00e1 visitando el usuario. Esto se debe a que en el sitio visitado puede haber elementos (im\u00e1genes, mapas, enlaces a p\u00e1ginas web) que residan en servidores distintos al del sitio visitado. Un ejemplo es la presencia de <strong>\u00absocial plugin\u00bb<\/strong>para Facebook, Instagram, YouTube y LinkedIn. Se trata de partes de la p\u00e1gina visitada generadas directamente por los sitios mencionados e integradas en la p\u00e1gina del sitio anfitri\u00f3n, con el fin de compartir el contenido del sitio en las redes sociales. La presencia de estos plugins da lugar a la transmisi\u00f3n de cookies hacia y desde todos los sitios operados por terceros. El tratamiento de la informaci\u00f3n recopilada por \u00abterceros\u00bb se rige por las pol\u00edticas correspondientes, a las que puede remitirse.<\/li><\/ul>\n\n\n\n<p><strong>Cookies t\u00e9cnicas<\/strong><\/p>\n\n\n\n<p>Las cookies t\u00e9cnicas se utilizan para recoger datos de navegaci\u00f3n, que son los datos cuya transmisi\u00f3n al sitio est\u00e1 impl\u00edcita en el funcionamiento de los sistemas inform\u00e1ticos utilizados para gestionar el sitio y en el uso de los protocolos de comunicaci\u00f3n de Internet. Los datos de navegaci\u00f3n son, por ejemplo, las direcciones IP o los nombres de dominio de los ordenadores utilizados por los Usuarios que se conectan al sitio y otros par\u00e1metros relativos al tipo y al sistema operativo del ordenador utilizado por los Usuarios.&nbsp;<\/p>\n\n\n\n<p>Estas cookies son necesarias para el funcionamiento del sitio, en particular para la navegaci\u00f3n y el uso normales del sitio. Puede configurar su navegador para bloquear estas cookies, pero como resultado algunas o todas las partes del sitio no funcionar\u00e1n.<\/p>\n\n\n\n<p><strong>Cookies anal\u00edticas<\/strong><\/p>\n\n\n\n<p>Estas cookies se utilizan con fines estad\u00edsticos, para controlar y analizar los datos de tr\u00e1fico y hacer un seguimiento del comportamiento del Usuario, es decir, para recopilar informaci\u00f3n, de forma agregada pero an\u00f3nima, sobre el n\u00famero de Usuarios y c\u00f3mo visitan el sitio, es decir, las rutas m\u00e1s utilizadas por los Usuarios y las p\u00e1ginas del sitio en las que m\u00e1s se detienen.<\/p>\n\n\n\n<p>Por ejemplo, estas cookies suelen ser capaces de registrar cu\u00e1ntos clics se han hecho en un enlace concreto del sitio, o cu\u00e1ntas veces ha visitado un usuario la p\u00e1gina de inicio del sitio.<\/p>\n\n\n\n<p>Si el usuario no consiente el uso de estas cookies, no ser\u00e1 posible evaluar la navegaci\u00f3n colectiva y el comportamiento de los usuarios del sitio y mejorar su rendimiento en consecuencia.<\/p>\n\n\n\n<p><strong>Cookies de perfiles<\/strong><\/p>\n\n\n\n<p>Las cookies de perfil tienen la funci\u00f3n de elaborar un perfil del usuario y se utilizan para enviar mensajes publicitarios de acuerdo con las preferencias expresadas por el usuario durante su navegaci\u00f3n.<\/p>\n\n\n\n<p>Las cookies de perfiles pueden ser utilizadas, con el consentimiento libre y opcional del usuario, por este sitio pero tambi\u00e9n por terceras empresas, para construir un perfil de los intereses de los usuarios y mostrarles o enviarles anuncios relevantes en este y otros sitios.<\/p>\n\n\n\n<p>Si el usuario no consiente el uso de estas cookies, no se mostrar\u00e1n ni enviar\u00e1n dichos anuncios, ni se crear\u00e1n perfiles de los intereses de los usuarios. La denegaci\u00f3n o retirada del consentimiento para el uso de una o varias cookies de elaboraci\u00f3n de perfiles no interferir\u00e1 en la posibilidad de acceder o navegar por el Sitio.<\/p>\n\n\n\n<p><strong>Duraci\u00f3n de las cookies<\/strong><\/p>\n\n\n\n<p>Las cookies tienen una vida \u00fatil dictada por la fecha de caducidad (o una acci\u00f3n espec\u00edfica como cerrar el navegador) establecida en el momento de su instalaci\u00f3n.<\/p>\n\n\n\n<p>En relaci\u00f3n con su duraci\u00f3n, las cookies pueden ser:<\/p>\n\n\n\n<ul class=\"wp-block-list\"><li><strong>temporales o de sesi\u00f3n<\/strong>: se utilizan para almacenar informaci\u00f3n temporal, permiten vincular las acciones realizadas durante una sesi\u00f3n concreta y se eliminan del ordenador cuando se cierra el navegador<\/li><li><strong>permanentes<\/strong>: se utilizan para almacenar informaci\u00f3n, por ejemplo, el nombre de usuario y la contrase\u00f1a, para que el usuario no tenga que volver a introducirlos cada vez que visita un sitio concreto. Estas permanecen almacenadas en el ordenador incluso despu\u00e9s de cerrar el navegador, hasta que se borran o alcanzan una fecha de caducidad determinada.<\/li><\/ul>\n\n\n\n<p><strong>Lista de cookies de este sitio<\/strong><\/p>\n\n\n\n<div class=\"cky-audit-table-element\"><\/div>\n","protected":false},"excerpt":{"rendered":"<p>La sociedad EUROSILOS SIRP SRL, con domicilio social en VIA I\u00b0 MAGGIO n.\u00b0 58\/60, 25010 ISORELLA (BS), C.F. y P.IVA [&hellip;]<\/p>\n","protected":false},"author":1,"featured_media":6767,"parent":0,"menu_order":0,"comment_status":"closed","ping_status":"open","template":"","meta":{"footnotes":""},"class_list":["post-6766","page","type-page","status-publish","has-post-thumbnail","hentry"],"jetpack_sharing_enabled":true,"_links":{"self":[{"href":"https:\/\/www.eurosilos.it\/es\/wp-json\/wp\/v2\/pages\/6766","targetHints":{"allow":["GET"]}}],"collection":[{"href":"https:\/\/www.eurosilos.it\/es\/wp-json\/wp\/v2\/pages"}],"about":[{"href":"https:\/\/www.eurosilos.it\/es\/wp-json\/wp\/v2\/types\/page"}],"author":[{"embeddable":true,"href":"https:\/\/www.eurosilos.it\/es\/wp-json\/wp\/v2\/users\/1"}],"replies":[{"embeddable":true,"href":"https:\/\/www.eurosilos.it\/es\/wp-json\/wp\/v2\/comments?post=6766"}],"version-history":[{"count":3,"href":"https:\/\/www.eurosilos.it\/es\/wp-json\/wp\/v2\/pages\/6766\/revisions"}],"predecessor-version":[{"id":8174,"href":"https:\/\/www.eurosilos.it\/es\/wp-json\/wp\/v2\/pages\/6766\/revisions\/8174"}],"wp:featuredmedia":[{"embeddable":true,"href":"https:\/\/www.eurosilos.it\/es\/wp-json\/wp\/v2\/media\/6767"}],"wp:attachment":[{"href":"https:\/\/www.eurosilos.it\/es\/wp-json\/wp\/v2\/media?parent=6766"}],"curies":[{"name":"wp","href":"https:\/\/api.w.org\/{rel}","templated":true}]}}