{"id":11043,"date":"2025-05-23T13:44:16","date_gmt":"2025-05-23T11:44:16","guid":{"rendered":"https:\/\/www.eurosilos.it\/modelli-testate-coclee-flessibili\/"},"modified":"2025-07-20T14:45:50","modified_gmt":"2025-07-20T12:45:50","slug":"modeles-de-tetes-de-tariere-flexibles","status":"publish","type":"page","link":"https:\/\/www.eurosilos.it\/fr\/modeles-de-tetes-de-tariere-flexibles\/","title":{"rendered":"Mod\u00e8les de t\u00eates de vis sans fin flexibles"},"content":{"rendered":"\n<div style=\"height:30px\" aria-hidden=\"true\" class=\"wp-block-spacer\"><\/div>\n\n\n\n<h2 class=\"wp-block-heading\">T\u00caTE EN ACIER INOXYDABLE MONO\u00c9TAG\u00c9<\/h2>\n\n\n\n<div class=\"wp-block-columns is-layout-flex wp-container-core-columns-is-layout-9d6595d7 wp-block-columns-is-layout-flex\">\n<div class=\"wp-block-column is-layout-flow wp-block-column-is-layout-flow\">\n<figure class=\"wp-block-image size-large\"><img loading=\"lazy\" decoding=\"async\" width=\"1024\" height=\"724\" src=\"https:\/\/www.eurosilos.it\/wp-content\/uploads\/2025\/05\/ASSIEME_ESPLOSO_TESTATA_COCLEA_FLESSIBILE_rev01_COLORI-1024x724.png\" alt=\"\" class=\"wp-image-10621\" srcset=\"https:\/\/www.eurosilos.it\/wp-content\/uploads\/2025\/05\/ASSIEME_ESPLOSO_TESTATA_COCLEA_FLESSIBILE_rev01_COLORI-1024x724.png 1024w, https:\/\/www.eurosilos.it\/wp-content\/uploads\/2025\/05\/ASSIEME_ESPLOSO_TESTATA_COCLEA_FLESSIBILE_rev01_COLORI-300x212.png 300w, https:\/\/www.eurosilos.it\/wp-content\/uploads\/2025\/05\/ASSIEME_ESPLOSO_TESTATA_COCLEA_FLESSIBILE_rev01_COLORI-768x543.png 768w, https:\/\/www.eurosilos.it\/wp-content\/uploads\/2025\/05\/ASSIEME_ESPLOSO_TESTATA_COCLEA_FLESSIBILE_rev01_COLORI-1536x1086.png 1536w, https:\/\/www.eurosilos.it\/wp-content\/uploads\/2025\/05\/ASSIEME_ESPLOSO_TESTATA_COCLEA_FLESSIBILE_rev01_COLORI-2048x1448.png 2048w\" sizes=\"auto, (max-width: 1024px) 100vw, 1024px\" \/><\/figure>\n<\/div>\n\n\n\n<div class=\"wp-block-column is-layout-flow wp-block-column-is-layout-flow\">\n<figure class=\"wp-block-table is-style-regular\"><table><thead><tr><th>Code<\/th><th>Description<\/th><\/tr><\/thead><tbody><tr><td>AC000650<\/td><td>T\u00caTE EN ACIER INOXYDABLE MONO\u00c9TAG\u00c9 \u00d8 63 HP 1 &#8211; KW 0,75<\/td><\/tr><tr><td>AC000653<\/td><td>T\u00caTE EN ACIER INOXYDABLE MONO\u00c9TAG\u00c9 \u00d8 63 HP 1,5 &#8211; KW 1,1<\/td><\/tr><tr><td>AC000765<\/td><td>T\u00caTE EN ACIER INOXYDABLE MONO\u00c9TAG\u00c9 \u00d8 63 HP 2 &#8211; KW 1,5<\/td><\/tr><tr><td>AC000651<\/td><td>T\u00caTE EN ACIER INOXYDABLE MONO\u00c9TAG\u00c9 \u00d8 75 HP 1 &#8211; KW 0,75<\/td><\/tr><tr><td>AC000654<\/td><td>T\u00caTE EN ACIER INOXYDABLE MONO\u00c9TAG\u00c9 \u00d8 75 HP 1,5 &#8211; KW 1,1<\/td><\/tr><tr><td>AC000766<\/td><td>T\u00caTE EN ACIER INOXYDABLE MONO\u00c9TAG\u00c9 \u00d8 75 HP 2 &#8211; KW 1,5<\/td><\/tr><tr><td>AC000652<\/td><td>T\u00caTE EN ACIER INOXYDABLE MONO\u00c9TAG\u00c9 \u00d8 90 HP 1 &#8211; KW 0,75<\/td><\/tr><tr><td>AC000655<\/td><td>T\u00caTE EN ACIER INOXYDABLE MONO\u00c9TAG\u00c9 \u00d8 90 HP 1,5 &#8211; KW 1,1<\/td><\/tr><tr><td>AC000768<\/td><td>T\u00caTE EN ACIER INOXYDABLE MONO\u00c9TAG\u00c9 \u00d8 90 HP 2 &#8211; KW 1,5<\/td><\/tr><tr><td>AC003152<\/td><td>T\u00caTE EN ACIER INOXYDABLE MONO\u00c9TAG\u00c9 \u00d8125 HP 1 &#8211; KW 0,75<\/td><\/tr><tr><td>AC003153<\/td><td>T\u00caTE EN ACIER INOXYDABLE MONO\u00c9TAG\u00c9 \u00d8 125 HP 1,5 &#8211; KW 1,1<\/td><\/tr><tr><td>AC003154<\/td><td>T\u00caTE EN ACIER INOXYDABLE MONO\u00c9TAG\u00c9 \u00d8125 HP 2 &#8211; KW 1,5<\/td><\/tr><\/tbody><\/table><\/figure>\n<\/div>\n<\/div>\n\n\n\n<hr class=\"wp-block-separator has-css-opacity is-style-wide\"\/>\n","protected":false},"excerpt":{"rendered":"<p>T\u00caTE EN ACIER INOXYDABLE MONO\u00c9TAG\u00c9 Code Description AC000650 T\u00caTE EN ACIER INOXYDABLE MONO\u00c9TAG\u00c9 \u00d8 63 HP 1 &#8211; KW 0,75 [&hellip;]<\/p>\n","protected":false},"author":1,"featured_media":10182,"parent":0,"menu_order":0,"comment_status":"closed","ping_status":"closed","template":"","meta":{"footnotes":""},"class_list":["post-11043","page","type-page","status-publish","has-post-thumbnail","hentry"],"jetpack_sharing_enabled":true,"_links":{"self":[{"href":"https:\/\/www.eurosilos.it\/fr\/wp-json\/wp\/v2\/pages\/11043","targetHints":{"allow":["GET"]}}],"collection":[{"href":"https:\/\/www.eurosilos.it\/fr\/wp-json\/wp\/v2\/pages"}],"about":[{"href":"https:\/\/www.eurosilos.it\/fr\/wp-json\/wp\/v2\/types\/page"}],"author":[{"embeddable":true,"href":"https:\/\/www.eurosilos.it\/fr\/wp-json\/wp\/v2\/users\/1"}],"replies":[{"embeddable":true,"href":"https:\/\/www.eurosilos.it\/fr\/wp-json\/wp\/v2\/comments?post=11043"}],"version-history":[{"count":3,"href":"https:\/\/www.eurosilos.it\/fr\/wp-json\/wp\/v2\/pages\/11043\/revisions"}],"predecessor-version":[{"id":11073,"href":"https:\/\/www.eurosilos.it\/fr\/wp-json\/wp\/v2\/pages\/11043\/revisions\/11073"}],"wp:featuredmedia":[{"embeddable":true,"href":"https:\/\/www.eurosilos.it\/fr\/wp-json\/wp\/v2\/media\/10182"}],"wp:attachment":[{"href":"https:\/\/www.eurosilos.it\/fr\/wp-json\/wp\/v2\/media?parent=11043"}],"curies":[{"name":"wp","href":"https:\/\/api.w.org\/{rel}","templated":true}]}}