{"id":9114,"date":"2020-03-31T13:59:59","date_gmt":"2020-03-31T11:59:59","guid":{"rendered":"https:\/\/www.eurosilos.it\/privacy-policy\/"},"modified":"2025-03-01T09:37:45","modified_gmt":"2025-03-01T08:37:45","slug":"privacy-policy","status":"publish","type":"page","link":"https:\/\/www.eurosilos.it\/fr\/privacy-policy\/","title":{"rendered":"Privacy Policy"},"content":{"rendered":"\n<p>La soci\u00e9t\u00e9 EUROSILOS SIRP SRL, dont le si\u00e8ge social est situ\u00e9 VIA I\u00b0 MAGGIO n\u00b0 58\/60, 25010 ISORELLA (BS), C.F. et N\u00b0 TVA 03278360981 (ci-apr\u00e8s, \u00ab&nbsp;Responsable du traitement&nbsp;\u00bb), en sa qualit\u00e9 de responsable du traitement, vous informe par la pr\u00e9sente, conform\u00e9ment \u00e0 l&rsquo;art. 13 R\u00e8glement de l&rsquo;UE n\u00b0 2016\/679 (ci-apr\u00e8s, \u00ab&nbsp;GDPR&nbsp;\u00bb) qu&rsquo;elle fonde son traitement de donn\u00e9es sur les principes de loyaut\u00e9, de lic\u00e9it\u00e9, de transparence et de n\u00e9cessit\u00e9, comme le pr\u00e9voit la r\u00e9glementation susmentionn\u00e9e, et que vos donn\u00e9es seront trait\u00e9es selon les modalit\u00e9s et pour les finalit\u00e9s suivantes :<br><br><strong>1. Objet du traitement<br><\/strong>Le responsable traite les donn\u00e9es personnelles et d&rsquo;identification (notamment le nom, le pr\u00e9nom, le code fiscal, le n\u00b0 de TVA, l&rsquo;adresse e-mail, le num\u00e9ro de t\u00e9l\u00e9phone &#8211; ci-apr\u00e8s, \u00ab&nbsp;<strong>donn\u00e9es personnelles<\/strong>&nbsp;\u00bb ou\u00ab&nbsp;<strong>donn\u00e9es<\/strong>&nbsp;\u00bb) que vous lui communiquez :<\/p>\n\n\n\n<p>&#8211; lors de l&rsquo;enregistrement sur le site web du responsable.<\/p>\n\n\n\n<p>&#8211; lors de l&rsquo;inscription au service de lettre d&rsquo;information propos\u00e9 par le responsable.<\/p>\n\n\n\n<p>&#8211; \u00e0 l&rsquo;occasion de la r\u00e9ponse du responsable \u00e0 la demande d&rsquo;informations des utilisateurs\/abonn\u00e9s du site.<br><br><strong>2. Objectif et base juridique du traitement<br><\/strong>Vos donn\u00e9es personnelles sont trait\u00e9es :<\/p>\n\n\n\n<p><br>A) sans votre consentement expr\u00e8s (art. 6 lettre b, et du GDPR), pour les finalit\u00e9s de service suivantes :<\/p>\n\n\n\n<p>&#8211; remplir les obligations pr\u00e9contractuelles, contractuelles et fiscales d\u00e9coulant de la relation avec vous.<\/p>\n\n\n\n<p>&#8211; remplir les obligations pr\u00e9vues par la loi, par un r\u00e8glement, par la norme de l&rsquo;UE ou d&rsquo;une ordonnance de l&rsquo;Autorit\u00e9 (comme la lutte contre le blanchiment d&rsquo;argent).<br>&#8211; vous permettre de vous enregistrer sur le site du responsable du traitement.<\/p>\n\n\n\n<p>&#8211; r\u00e9pondre \u00e0 vos questions via le formulaire \u00e0 remplir sur le site du responsable du traitement.<br>&#8211; exploiter et maintenir le site web du responsable du traitement.<br>&#8211; vous permettre de vous abonner \u00e0 la lettre d&rsquo;information fournie par le responsable du traitement et \u00e0 tout autre service dont vous pourriez avoir besoin.<br>&#8211; exercer les droits du responsable du traitement, tels que le droit de d\u00e9fense devant les tribunaux.<\/p>\n\n\n\n<p><br>B) Uniquement avec votre consentement sp\u00e9cifique et distinct et en sp\u00e9cifiant le fournisseur, le cas \u00e9ch\u00e9ant, utilis\u00e9 par nous (art. 7 GDPR), vos donn\u00e9es seront trait\u00e9es aux fins de marketing suivantes :<\/p>\n\n\n\n<p><br>&#8211; vous envoyer par e-mail, par courrier postal et\/ou par SMS et\/ou par t\u00e9l\u00e9phone des lettres d&rsquo;information promotionnelles, des communications commerciales et\/ou du mat\u00e9riel publicitaire sur les produits et services offerts par le responsable du traitement et des enqu\u00eates de satisfaction sur la qualit\u00e9 des services&nbsp;;<\/p>\n\n\n\n<p><strong><br>3. Modalit\u00e9s de traitement<\/strong><br>Le traitement de vos donn\u00e9es personnelles est effectu\u00e9 au moyen des op\u00e9rations indiqu\u00e9es \u00e0 l&rsquo;art. 4 n\u00b0 2) GDPR et plus particuli\u00e8rement : collecte, enregistrement, organisation, stockage, consultation, traitement, modification, s\u00e9lection, extraction, comparaison, utilisation, interconnexion, blocage, communication, suppression et destruction des donn\u00e9es. Vos donn\u00e9es personnelles font l&rsquo;objet d&rsquo;un traitement sur papier et d&rsquo;un traitement \u00e9lectronique et\/ou automatis\u00e9.&nbsp;<br>Le responsable du traitement traite les donn\u00e9es personnelles pendant la dur\u00e9e n\u00e9cessaire \u00e0 la r\u00e9alisation des objectifs susmentionn\u00e9s et, en tout \u00e9tat de cause, pendant une dur\u00e9e maximale de 10 ans \u00e0 compter de la cessation de la relation pour les besoins des services et de 3 ans \u00e0 compter de la collecte des donn\u00e9es pour les besoins du marketing.<br><br><strong>4. Acc\u00e8s aux donn\u00e9es<\/strong><br>Vos donn\u00e9es peuvent \u00eatre rendues accessibles aux fins \u00e9nonc\u00e9es aux art. 2.A) et 2.B) de cette note d\u2019information :<br>&#8211; aux employ\u00e9s et collaborateurs du responsable du traitement, en leur qualit\u00e9 de pr\u00e9pos\u00e9s et\/ou de responsables internes du traitement des donn\u00e9es et\/ou d&rsquo;administrateurs de syst\u00e8mes ;<br>&#8211; aux soci\u00e9t\u00e9s tierces ou d&rsquo;autres sujets (fournisseurs de gestion et d\u2019entretien du site web, fournisseurs, \u00e9tablissements de cr\u00e9dit, cabinets professionnels) qui effectuent des activit\u00e9s d&rsquo;externalisation pour le compte du responsable du traitement, en leur qualit\u00e9 de responsables externes du traitement des donn\u00e9es.<br><strong><br>5. Communication de donn\u00e9es<\/strong><br>Sans qu&rsquo;il soit n\u00e9cessaire d&rsquo;obtenir votre consentement expr\u00e8s (art. 6 lett. b) et c) GDPR), le responsable du traitement peut communiquer vos donn\u00e9es aux fins de l&rsquo;art. 2.A) aux organes de contr\u00f4le, aux autorit\u00e9s judiciaires ainsi qu&rsquo;\u00e0 toutes les autres personnes dont la communication est obligatoire en vertu de la loi pour la r\u00e9alisation des objectifs susmentionn\u00e9s. Ces personnes traiteront les donn\u00e9es en leur qualit\u00e9 de responsables autonomes du traitement des donn\u00e9es. Vos donn\u00e9es ne seront pas diffus\u00e9es.<br><br><strong>6. Transfert de donn\u00e9es&nbsp;<br><\/strong>La gestion et le stockage des donn\u00e9es personnelles s&rsquo;effectuent sur des serveurs situ\u00e9s au sein de l&rsquo;Union europ\u00e9enne du responsable du traitement et\/ou de soci\u00e9t\u00e9s tierces d\u00e9sign\u00e9es et d\u00fbment nomm\u00e9es en tant que responsables du traitement des donn\u00e9es. Les donn\u00e9es ne seront pas transf\u00e9r\u00e9es en dehors de l&rsquo;Union europ\u00e9enne. En tout \u00e9tat de cause, il est entendu que le responsable du traitement aura le droit, le cas \u00e9ch\u00e9ant, de d\u00e9placer l&#8217;emplacement des serveurs en Italie et\/ou dans l&rsquo;Union europ\u00e9enne et\/ou dans des pays non membres de l&rsquo;UE. Dans ce cas, le responsable du traitement s&rsquo;assure que le transfert des donn\u00e9es en dehors de l&rsquo;UE se fera conform\u00e9ment aux dispositions l\u00e9gales applicables en concluant, si n\u00e9cessaire, des accords garantissant un niveau de protection ad\u00e9quat et\/ou en adoptant les clauses contractuelles types pr\u00e9vues par la Commission europ\u00e9enne.<br><strong><br>7. Nature des donn\u00e9es fournies et cons\u00e9quences d&rsquo;un refus de r\u00e9pondre<\/strong><br>La fourniture de donn\u00e9es aux fins de l&rsquo;art. 2.A) est obligatoire. En leur absence, nous ne pourrons vous garantir ni l&rsquo;inscription sur le site ni les Services de l\u2019art. 2.A).<br>La fourniture de donn\u00e9es aux fins de l&rsquo;art. 2.B) est facultatif. Vous pouvez donc d\u00e9cider de ne pas fournir de donn\u00e9es ou de vous opposer ult\u00e9rieurement au traitement des donn\u00e9es d\u00e9j\u00e0 fournies : dans ce cas, vous ne pourrez pas recevoir de lettres d&rsquo;information, de communications commerciales et de mat\u00e9riel publicitaire relatifs aux services offerts par le responsable du traitement ou par d&rsquo;\u00e9ventuels partenaires commerciaux. En tout \u00e9tat de cause, il continuera \u00e0 avoir droit aux services vis\u00e9s \u00e0 l&rsquo;art. 2.A).<br><br><strong>8. Droits de la personne concern\u00e9e&nbsp;<\/strong><br>En sa qualit\u00e9 de personne concern\u00e9e, elle a les droits vis\u00e9s \u00e0 l&rsquo;art. 15 GDPR et sp\u00e9cifiquement les droits :&nbsp;<br>i. obtenir la confirmation de l&rsquo;existence ou non de donn\u00e9es personnelles vous concernant, m\u00eame si elles n&rsquo;ont pas encore \u00e9t\u00e9 enregistr\u00e9es, et leur communication sous forme intelligible ;&nbsp;<br>ii. d&rsquo;obtenir des informations sur : a) l&rsquo;origine des donn\u00e9es personnelles ; b) les finalit\u00e9s et les modalit\u00e9s du traitement ; c) la logique appliqu\u00e9e en cas de traitement effectu\u00e9 \u00e0 l&rsquo;aide d&rsquo;instruments \u00e9lectroniques ; d) l&rsquo;identit\u00e9 du responsable du traitement, des personnes charg\u00e9es du traitement et du repr\u00e9sentant d\u00e9sign\u00e9 aux termes de l&rsquo;art. 3, paragraphe 1, GDPR ; e) des sujets ou des cat\u00e9gories de sujets auxquels les donn\u00e9es personnelles peuvent \u00eatre communiqu\u00e9es ou qui peuvent en prendre connaissance en leur qualit\u00e9 de repr\u00e9sentant d\u00e9sign\u00e9 sur le territoire de l&rsquo;\u00c9tat, de responsables ou de pr\u00e9pos\u00e9s&nbsp;;<br>iii. obtenir a) la mise \u00e0 jour, la rectification ou, le cas \u00e9ch\u00e9ant, l&rsquo;int\u00e9gration des donn\u00e9es ; b) l&rsquo;effacement, la transformation sous forme anonyme ou le blocage des donn\u00e9es trait\u00e9es en violation de la loi, y compris celles dont la conservation n&rsquo;est pas n\u00e9cessaire au regard des finalit\u00e9s pour lesquelles les donn\u00e9es ont \u00e9t\u00e9 collect\u00e9es ou trait\u00e9es par la suite c) l&rsquo;attestation que les op\u00e9rations vis\u00e9es aux lettres a) et b) ont \u00e9t\u00e9 notifi\u00e9es, y compris en ce qui concerne leur contenu, aux entit\u00e9s auxquelles les donn\u00e9es ont \u00e9t\u00e9 communiqu\u00e9es ou diffus\u00e9es, \u00e0 moins que cette exigence ne s&rsquo;av\u00e8re impossible ou n&rsquo;implique un effort manifestement disproportionn\u00e9 par rapport au droit \u00e0 prot\u00e9ger&nbsp;;&nbsp;<br>iv. s&rsquo;opposer, en tout ou en partie : a) pour des motifs l\u00e9gitimes, au traitement des donn\u00e9es personnelles vous concernant, m\u00eame si elles sont pertinentes \u00e0 l\u2019objectif de la collecte ; b) au traitement des donn\u00e9es personnelles vous concernant en vue de l&rsquo;envoi de mat\u00e9riel publicitaire ou de vente directe ou de la r\u00e9alisation d&rsquo;\u00e9tudes de march\u00e9 ou de communications commerciales, par l&rsquo;utilisation de syst\u00e8mes automatis\u00e9s d&rsquo;appel sans l&rsquo;intervention d&rsquo;un op\u00e9rateur par e-mail et\/ou par des m\u00e9thodes de marketing traditionnelles par t\u00e9l\u00e9phone et\/ou par courrier papier. Il convient de noter que le droit d&rsquo;opposition de la personne concern\u00e9e, expos\u00e9e au point pr\u00e9c\u00e9dent b), \u00e0 des fins de marketing direct \u00e0 travers des m\u00e9thodes automatis\u00e9es s&rsquo;\u00e9tend \u00e0 celles traditionnelles et qui reste en tout cas la possibilit\u00e9 pour la personne concern\u00e9e d&rsquo;exercer le droit d&rsquo;opposition \u00e9galement uniquement en partie. Par cons\u00e9quent, la personne concern\u00e9e peut d\u00e9cider de recevoir uniquement des communications par des moyens traditionnels ou uniquement des communications automatis\u00e9es, ou encore aucun des deux.<br>Le cas \u00e9ch\u00e9ant, elle dispose \u00e9galement des droits pr\u00e9vus aux art. 16-21 GDPR (Droit de rectification, droit \u00e0 l&rsquo;oubli, droit \u00e0 la limitation du traitement, droit \u00e0 la portabilit\u00e9 des donn\u00e9es, droit d&rsquo;opposition), ainsi que le droit de d\u00e9poser une plainte aupr\u00e8s de l&rsquo;autorit\u00e9 garante.<br><br><strong>9. Modalit\u00e9s d&rsquo;exercice des droits<\/strong><br>Vous pouvez exercer vos droits \u00e0 tout moment en envoyant :&nbsp;<br>&#8211; une lettre recommand\u00e9e avec accus\u00e9 de r\u00e9ception \u00e0 EUROSILOS SIRP SRL, VIA I\u00b0 MAGGIO n\u00b0 58\/60, 25010 ISORELLA (BS)<br>&#8211; un e-mail \u00e0 l&rsquo;adresse suivante : <a href=\"mailto:privacy@gruppotelefri.it\">privacy@gruppotelefri.it<\/a><strong><br><br>10. Responsable, gestionnaire et pr\u00e9pos\u00e9s<\/strong><br>Le responsable du traitement des donn\u00e9es est EUROSILOS SIRP SRL, dont le si\u00e8ge social est situ\u00e9 VIA I\u00b0 MAGGIO n\u00b0 58\/60, 25010 ISORELLA (BS), C.F. et N\u00b0 TVA 03278360981.<br>La liste actualis\u00e9e des responsables et des personnes pr\u00e9pos\u00e9es au traitement des donn\u00e9es est conserv\u00e9e au si\u00e8ge du responsable du traitement.<\/p>\n\n\n\n<p><strong>POLITIQUE EN MATI\u00c8RE DE COOKIES<\/strong><strong><\/strong><\/p>\n\n\n\n<p>Pour rendre le site plus facile et plus intuitif, j&rsquo;utilise des cookies. Les cookies sont des donn\u00e9es qui nous permettent de comparer les nouveaux et les anciens visiteurs et de comprendre comment les utilisateurs naviguent sur notre site. Nous utilisons les donn\u00e9es collect\u00e9es par les cookies pour rendre votre exp\u00e9rience de navigation plus agr\u00e9able et plus efficace \u00e0 l&rsquo;avenir.<\/p>\n\n\n\n<p>Les cookies n&rsquo;enregistrent aucune information personnelle sur un utilisateur et aucune donn\u00e9e identifiable n&rsquo;est stock\u00e9e. Si l\u2019on souhaite d\u00e9sactiver l&rsquo;utilisation des cookies, il faut personnaliser les param\u00e8tres de votre ordinateur en param\u00e9trant la suppression de tous les cookies ou en activant un message d&rsquo;avertissement lorsque des cookies sont stock\u00e9s. Pour continuer sans modifier l&rsquo;application des cookies, il suffit de poursuivre la navigation.<\/p>\n\n\n\n<p><strong>D\u00c9SACTIVATION DES COOKIES<\/strong><strong><\/strong><\/p>\n\n\n\n<p>Les cookies sont li\u00e9s au navigateur utilis\u00e9 et <strong>peuvent \u00eatre d\u00e9sactiv\u00e9s directement \u00e0 partir du navigateur<\/strong>, ce qui permet de refuser\/r\u00e9voquer le consentement \u00e0 l&rsquo;utilisation des cookies. Il convient de garder \u00e0 l&rsquo;esprit que la d\u00e9sactivation des cookies peut emp\u00eacher l&rsquo;utilisation correcte de certaines fonctions du site.<\/p>\n\n\n\n<p>Les instructions pour d\u00e9sactiver les cookies sont disponibles sur les pages web suivantes :<br><a href=\"https:\/\/support.mozilla.org\/it\/kb\/Attivare%20e%20disattivare%20i%20cookie\" target=\"_blank\" rel=\"noreferrer noopener\">Mozilla Firefox<\/a>&nbsp;\u2013&nbsp;<a href=\"https:\/\/support.microsoft.com\/it-it\/help\/17442\/windows-internet-explorer-delete-manage-cookies\" target=\"_blank\" rel=\"noreferrer noopener\">Microsoft Internet Explorer<\/a>&nbsp;\u2013&nbsp;<a href=\"https:\/\/support.microsoft.com\/it-it\/help\/4027947\/windows-delete-cookies\" target=\"_blank\" rel=\"noreferrer noopener\">Microsoft Edge<\/a>&nbsp;\u2013&nbsp;<a href=\"https:\/\/support.google.com\/chrome\/answer\/95647?hl=it\" target=\"_blank\" rel=\"noreferrer noopener\">Google Chrome<\/a>&nbsp;\u2013&nbsp;<a href=\"http:\/\/help.opera.com\/Windows\/10.00\/it\/cookies.html\" target=\"_blank\" rel=\"noreferrer noopener\">Opera<\/a>&nbsp;\u2013&nbsp;<a href=\"https:\/\/support.apple.com\/it-it\/HT201265\" target=\"_blank\" rel=\"noreferrer noopener\">Apple Safari<\/a><\/p>\n\n\n\n<p>Visitez <a href=\"http:\/\/www.garanteprivacy.it\/cookie\" target=\"_blank\" rel=\"noreferrer noopener\">la section d\u00e9di\u00e9e sur le site du garant de la vie priv\u00e9e<\/a> pour plus d&rsquo;informations sur les cookies et la fa\u00e7on dont ils affectent votre exp\u00e9rience de navigation.<\/p>\n\n\n\n<p><strong>Type et finalit\u00e9 des cookies<\/strong><\/p>\n\n\n\n<p>Les cookies peuvent \u00eatre :<\/p>\n\n\n\n<ul class=\"wp-block-list\"><li><strong>cookies de premi\u00e8re partie<\/strong>: il s&rsquo;agit de cookies g\u00e9n\u00e9r\u00e9s et g\u00e9r\u00e9s directement par le propri\u00e9taire du site web sur lequel l&rsquo;utilisateur navigue.<\/li><li><strong>cookies de<\/strong> <strong>tiers<\/strong>: il s&rsquo;agit de cookies g\u00e9n\u00e9r\u00e9s et g\u00e9r\u00e9s par des sujets autres que le propri\u00e9taire du site web sur lequel l&rsquo;utilisateur navigue. Ils sont configur\u00e9s par un site web autre que celui que l&rsquo;utilisateur visite. En effet, le site visit\u00e9 peut contenir des \u00e9l\u00e9ments (images, cartes, liens vers des pages web) qui r\u00e9sident sur d&rsquo;autres serveurs que celui du site visit\u00e9. La pr\u00e9sence de\u00ab<strong>&nbsp;plugins sociaux<\/strong>&nbsp;\u00bb pour Facebook, Instagram, YouTube et LinkedIn en est un exemple. Il s&rsquo;agit de parties de la page visit\u00e9e g\u00e9n\u00e9r\u00e9es directement par les sites susmentionn\u00e9s et int\u00e9gr\u00e9es dans la page du site h\u00f4te, afin de partager le contenu du site sur les r\u00e9seaux sociaux. La pr\u00e9sence de ces plugins entra\u00eene la transmission de cookies vers et depuis tous les sites exploit\u00e9s par des tiers. Le gestion des informations collect\u00e9es par des \u00ab&nbsp;tiers&nbsp;\u00bb est r\u00e9gie par les informations correspondantes auxquelles il convient de se r\u00e9f\u00e9rer.<\/li><\/ul>\n\n\n\n<p><strong>Cookies techniques<\/strong><\/p>\n\n\n\n<p>Les cookies techniques sont utilis\u00e9s pour collecter les donn\u00e9es de navigation, c&rsquo;est-\u00e0-dire les donn\u00e9es dont la transmission au site est implicite dans le fonctionnement des syst\u00e8mes informatiques utilis\u00e9s pour g\u00e9rer le site et dans l&rsquo;utilisation des protocoles de communication Internet. Les donn\u00e9es de navigation sont, par exemple, les adresses IP ou les noms de domaine des ordinateurs utilis\u00e9s par les utilisateurs qui se connectent au site et d&rsquo;autres param\u00e8tres relatifs au type et au syst\u00e8me d&rsquo;exploitation informatique utilis\u00e9 par les utilisateurs.&nbsp;<\/p>\n\n\n\n<p>Ces cookies sont n\u00e9cessaires au fonctionnement du site, en particulier \u00e0 la navigation et \u00e0 l&rsquo;utilisation normales du site. Il est possible de configurer le navigateur pour bloquer ces cookies, mais dans ce cas, certaines ou toutes les parties du site ne fonctionneront pas.<\/p>\n\n\n\n<p><strong>Cookies analytiques<\/strong><\/p>\n\n\n\n<p>Ces cookies sont utilis\u00e9s \u00e0 des fins statistiques, pour contr\u00f4ler et analyser les donn\u00e9es relatives au trafic et pour suivre le comportement de l&rsquo;utilisateur, c&rsquo;est-\u00e0-dire pour collecter des informations, sous forme agr\u00e9g\u00e9e mais anonyme, sur le nombre d&rsquo;utilisateurs et la mani\u00e8re dont ils visitent le site, c&rsquo;est-\u00e0-dire les itin\u00e9raires les plus fr\u00e9quemment utilis\u00e9s par les utilisateurs et les pages du site sur lesquelles ils s&rsquo;arr\u00eatent le plus souvent.<\/p>\n\n\n\n<p>Par exemple, ces cookies sont g\u00e9n\u00e9ralement capables d&rsquo;enregistrer le nombre de clics effectu\u00e9s sur un lien particulier du site, ou le nombre de fois qu&rsquo;un utilisateur a visit\u00e9 la page d&rsquo;accueil du site.<\/p>\n\n\n\n<p>Si l&rsquo;utilisateur ne consent pas \u00e0 l&rsquo;utilisation de ces cookies, il ne sera pas possible d&rsquo;\u00e9valuer la navigation et le comportement collectif des utilisateurs du site et d&rsquo;am\u00e9liorer ses performances en cons\u00e9quence.<\/p>\n\n\n\n<p><strong>Cookies de profilage<\/strong><\/p>\n\n\n\n<p>Les cookies de profilage ont pour fonction de profiler l&rsquo;utilisateur et sont utilis\u00e9s pour envoyer des messages publicitaires en fonction des pr\u00e9f\u00e9rences exprim\u00e9es par l&rsquo;utilisateur lors de sa navigation.<\/p>\n\n\n\n<p>Les cookies de profilage peuvent \u00eatre utilis\u00e9s, avec le consentement libre et facultatif de l&rsquo;utilisateur, par ce site mais aussi par des soci\u00e9t\u00e9s tierces, pour \u00e9tablir un profil des int\u00e9r\u00eats des utilisateurs et pour leur montrer ou leur envoyer des publicit\u00e9s pertinentes sur ce site et sur d&rsquo;autres sites.<\/p>\n\n\n\n<p>Si l&rsquo;utilisateur ne consent pas \u00e0 l&rsquo;utilisation de ces cookies, aucune publicit\u00e9 ne sera affich\u00e9e ou envoy\u00e9e, et aucun profil des int\u00e9r\u00eats des utilisateurs ne sera cr\u00e9\u00e9. Le refus ou le retrait du consentement \u00e0 l&rsquo;utilisation d&rsquo;un ou plusieurs cookies de profilage n&rsquo;entravera pas la possibilit\u00e9 d&rsquo;acc\u00e9der ou de naviguer sur le site.<\/p>\n\n\n\n<p><strong>Dur\u00e9e des cookies<\/strong><\/p>\n\n\n\n<p>Les cookies ont une dur\u00e9e de vie d\u00e9termin\u00e9e par la date d&rsquo;expiration (ou une action sp\u00e9cifique telle que la fermeture du navigateur) configur\u00e9e au moment de l&rsquo;installation.<\/p>\n\n\n\n<p>En fonction de leur dur\u00e9e, les cookies peuvent \u00eatre :<\/p>\n\n\n\n<ul class=\"wp-block-list\"><li><strong>temporaires<\/strong> <strong>ou de session <\/strong>: ils sont utilis\u00e9s pour stocker des informations temporaires, permettent de relier les actions effectu\u00e9es au cours d&rsquo;une session sp\u00e9cifique et sont supprim\u00e9s de l&rsquo;ordinateur lorsque le navigateur est ferm\u00e9<\/li><li><strong>permanents <\/strong>: ils sont utilis\u00e9s pour stocker des informations, par exemple le nom d&rsquo;utilisateur et le mot de passe d\u2019acc\u00e8s, afin que l&rsquo;utilisateur n&rsquo;ait pas \u00e0 les saisir \u00e0 nouveau chaque fois qu&rsquo;il visite un site sp\u00e9cifique. Ils restent stock\u00e9s sur l&rsquo;ordinateur m\u00eame apr\u00e8s la fermeture du navigateur, jusqu&rsquo;\u00e0 ce qu&rsquo;ils soient supprim\u00e9s ou qu&rsquo;ils atteignent une date d&rsquo;expiration sp\u00e9cifi\u00e9e<\/li><\/ul>\n\n\n\n<p><strong>Liste des cookies sur ce site<\/strong><\/p>\n\n\n\n<div class=\"cky-audit-table-element\"><\/div>\n","protected":false},"excerpt":{"rendered":"<p>La soci\u00e9t\u00e9 EUROSILOS SIRP SRL, dont le si\u00e8ge social est situ\u00e9 VIA I\u00b0 MAGGIO n\u00b0 58\/60, 25010 ISORELLA (BS), C.F. [&hellip;]<\/p>\n","protected":false},"author":1,"featured_media":9115,"parent":0,"menu_order":0,"comment_status":"closed","ping_status":"open","template":"","meta":{"footnotes":""},"class_list":["post-9114","page","type-page","status-publish","has-post-thumbnail","hentry"],"jetpack_sharing_enabled":true,"_links":{"self":[{"href":"https:\/\/www.eurosilos.it\/fr\/wp-json\/wp\/v2\/pages\/9114","targetHints":{"allow":["GET"]}}],"collection":[{"href":"https:\/\/www.eurosilos.it\/fr\/wp-json\/wp\/v2\/pages"}],"about":[{"href":"https:\/\/www.eurosilos.it\/fr\/wp-json\/wp\/v2\/types\/page"}],"author":[{"embeddable":true,"href":"https:\/\/www.eurosilos.it\/fr\/wp-json\/wp\/v2\/users\/1"}],"replies":[{"embeddable":true,"href":"https:\/\/www.eurosilos.it\/fr\/wp-json\/wp\/v2\/comments?post=9114"}],"version-history":[{"count":1,"href":"https:\/\/www.eurosilos.it\/fr\/wp-json\/wp\/v2\/pages\/9114\/revisions"}],"predecessor-version":[{"id":9120,"href":"https:\/\/www.eurosilos.it\/fr\/wp-json\/wp\/v2\/pages\/9114\/revisions\/9120"}],"wp:featuredmedia":[{"embeddable":true,"href":"https:\/\/www.eurosilos.it\/fr\/wp-json\/wp\/v2\/media\/9115"}],"wp:attachment":[{"href":"https:\/\/www.eurosilos.it\/fr\/wp-json\/wp\/v2\/media?parent=9114"}],"curies":[{"name":"wp","href":"https:\/\/api.w.org\/{rel}","templated":true}]}}