{"id":9202,"date":"2020-11-19T13:36:15","date_gmt":"2020-11-19T12:36:15","guid":{"rendered":"https:\/\/www.eurosilos.it\/newsletter\/"},"modified":"2025-03-01T12:02:58","modified_gmt":"2025-03-01T11:02:58","slug":"newsletter","status":"publish","type":"page","link":"https:\/\/www.eurosilos.it\/fr\/newsletter\/","title":{"rendered":"Newsletter"},"content":{"rendered":"\n<h2 class=\"wp-block-heading\">Inscrivez-vous \u00e0 la Newsletter<\/h2>\n\n\n\n<p>Inscrivez-vous \u00e0 la Newsletter et vous pourrez recevoir r\u00e9guli\u00e8rement toutes les mises \u00e0 jour directement dans votre bo\u00eete de r\u00e9ception.<br>L&rsquo;inscription est tr\u00e8s simple et totalement gratuite : il vous suffit de remplir le formulaire ci-dessous en saisissant votre nom et votre email.<\/p>\n\n\n<script type=\"text\/javascript\">var gform;gform||(document.addEventListener(\"gform_main_scripts_loaded\",function(){gform.scriptsLoaded=!0}),window.addEventListener(\"DOMContentLoaded\",function(){gform.domLoaded=!0}),gform={domLoaded:!1,scriptsLoaded:!1,initializeOnLoaded:function(o){gform.domLoaded&&gform.scriptsLoaded?o():!gform.domLoaded&&gform.scriptsLoaded?window.addEventListener(\"DOMContentLoaded\",o):document.addEventListener(\"gform_main_scripts_loaded\",o)},hooks:{action:{},filter:{}},addAction:function(o,n,r,t){gform.addHook(\"action\",o,n,r,t)},addFilter:function(o,n,r,t){gform.addHook(\"filter\",o,n,r,t)},doAction:function(o){gform.doHook(\"action\",o,arguments)},applyFilters:function(o){return gform.doHook(\"filter\",o,arguments)},removeAction:function(o,n){gform.removeHook(\"action\",o,n)},removeFilter:function(o,n,r){gform.removeHook(\"filter\",o,n,r)},addHook:function(o,n,r,t,i){null==gform.hooks[o][n]&&(gform.hooks[o][n]=[]);var e=gform.hooks[o][n];null==i&&(i=n+\"_\"+e.length),gform.hooks[o][n].push({tag:i,callable:r,priority:t=null==t?10:t})},doHook:function(n,o,r){var t;if(r=Array.prototype.slice.call(r,1),null!=gform.hooks[n][o]&&((o=gform.hooks[n][o]).sort(function(o,n){return o.priority-n.priority}),o.forEach(function(o){\"function\"!=typeof(t=o.callable)&&(t=window[t]),\"action\"==n?t.apply(null,r):r[0]=t.apply(null,r)})),\"filter\"==n)return r[0]},removeHook:function(o,n,t,i){var r;null!=gform.hooks[o][n]&&(r=(r=gform.hooks[o][n]).filter(function(o,n,r){return!!(null!=i&&i!=o.tag||null!=t&&t!=o.priority)}),gform.hooks[o][n]=r)}});<\/script>\n                <div class='gf_browser_gecko gform_wrapper formnewsletter_wrapper gform_legacy_markup_wrapper' id='gform_wrapper_3' ><div id='gf_3' class='gform_anchor' tabindex='-1'><\/div><form method='post' enctype='multipart\/form-data' target='gform_ajax_frame_3' id='gform_3' class='formnewsletter gform_legacy_markup' action='\/fr\/wp-json\/wp\/v2\/pages\/9202#gf_3' >\n                        <div class='gform_body gform-body'><ul id='gform_fields_3' class='gform_fields top_label form_sublabel_below description_below'><li id=\"field_3_12\" class=\"gfield gf_left_half gfield_contains_required field_sublabel_hidden_label field_description_below hidden_label gfield_visibility_visible\" ><label class='gfield_label gfield_label_before_complex'  >Prenom<span class=\"gfield_required\"><span class=\"gfield_required gfield_required_asterisk\">*<\/span><\/span><\/label><div class='ginput_complex ginput_container no_prefix has_first_name no_middle_name has_last_name no_suffix gf_name_has_2 ginput_container_name' id='input_3_12'>\n                            \n                            <span id='input_3_12_3_container' class='name_first' >\n                                                    <input type='text' name='input_12.3' id='input_3_12_3' value='' tabindex='3'  aria-required='true'   placeholder='Prenom*'  \/>\n                                                    <label for='input_3_12_3' class='hidden_sub_label screen-reader-text'>First<\/label>\n                                                <\/span>\n                            \n                            <span id='input_3_12_6_container' class='name_last' >\n                                                    <input type='text' name='input_12.6' id='input_3_12_6' value='' tabindex='5'  aria-required='true'   placeholder='Nom*'  \/>\n                                                    <label for='input_3_12_6' class='hidden_sub_label screen-reader-text'>Last<\/label>\n                                                <\/span>\n                            \n                        <\/div><\/li><li id=\"field_3_10\" class=\"gfield gf_right_half gfield_contains_required field_sublabel_below field_description_below hidden_label gfield_visibility_visible\" ><label class='gfield_label' for='input_3_10' >Entreprise<span class=\"gfield_required\"><span class=\"gfield_required gfield_required_asterisk\">*<\/span><\/span><\/label><div class='ginput_container ginput_container_text'><input name='input_10' id='input_3_10' type='text' value='' class='medium'   tabindex='7' placeholder='Entreprise' aria-required=\"true\" aria-invalid=\"false\"   \/> <\/div><\/li><li id=\"field_3_4\" class=\"gfield gf_left_half gfield_contains_required field_sublabel_below field_description_below hidden_label gfield_visibility_visible\" ><label class='gfield_label' for='input_3_4' >Email<span class=\"gfield_required\"><span class=\"gfield_required gfield_required_asterisk\">*<\/span><\/span><\/label><div class='ginput_container ginput_container_email'>\n                            <input name='input_4' id='input_3_4' type='text' value='' class='large' tabindex='8'  placeholder='Email*' aria-required=\"true\" aria-invalid=\"false\"  \/>\n                        <\/div><\/li><li id=\"field_3_13\" class=\"gfield gf_right_half gfield_contains_required field_sublabel_hidden_label field_description_below hidden_label gfield_visibility_visible\" ><label class='gfield_label gfield_label_before_complex'  >Adresse<span class=\"gfield_required\"><span class=\"gfield_required gfield_required_asterisk\">*<\/span><\/span><\/label>    \n                    <div class='ginput_complex ginput_container has_country ginput_container_address' id='input_3_13' >\n                        <input type='hidden' class='gform_hidden' name='input_13.4' id='input_3_13_4' value=''\/><span class='ginput_left address_country ginput_address_country' id='input_3_13_6_container' >\n                                        <select name='input_13.6' id='input_3_13_6' tabindex='12'  aria-required='true'    ><option value='' selected='selected'>Nation\n<\/option><option value='Afghanistan' >Afghanistan<\/option><option value='Albania' >Albania<\/option><option value='Algeria' >Algeria<\/option><option value='American Samoa' >American Samoa<\/option><option value='Andorra' >Andorra<\/option><option value='Angola' >Angola<\/option><option value='Anguilla' >Anguilla<\/option><option value='Antarctica' >Antarctica<\/option><option value='Antigua and Barbuda' >Antigua and Barbuda<\/option><option value='Argentina' >Argentina<\/option><option value='Armenia' >Armenia<\/option><option value='Aruba' >Aruba<\/option><option value='Australia' >Australia<\/option><option value='Austria' >Austria<\/option><option value='Azerbaijan' >Azerbaijan<\/option><option value='Bahamas' >Bahamas<\/option><option value='Bahrain' >Bahrain<\/option><option value='Bangladesh' >Bangladesh<\/option><option value='Barbados' >Barbados<\/option><option value='Belarus' >Belarus<\/option><option value='Belgium' >Belgium<\/option><option value='Belize' >Belize<\/option><option value='Benin' >Benin<\/option><option value='Bermuda' >Bermuda<\/option><option value='Bhutan' >Bhutan<\/option><option value='Bolivia' >Bolivia<\/option><option value='Bonaire, Sint Eustatius and Saba' >Bonaire, Sint Eustatius and Saba<\/option><option value='Bosnia and Herzegovina' >Bosnia and Herzegovina<\/option><option value='Botswana' >Botswana<\/option><option value='Bouvet Island' >Bouvet Island<\/option><option value='Brazil' >Brazil<\/option><option value='British Indian Ocean Territory' >British Indian Ocean Territory<\/option><option value='Brunei Darussalam' >Brunei Darussalam<\/option><option value='Bulgaria' >Bulgaria<\/option><option value='Burkina Faso' >Burkina Faso<\/option><option value='Burundi' >Burundi<\/option><option value='Cambodia' >Cambodia<\/option><option value='Cameroon' >Cameroon<\/option><option value='Canada' >Canada<\/option><option value='Cape Verde' >Cape Verde<\/option><option value='Cayman Islands' >Cayman Islands<\/option><option value='Central African Republic' >Central African Republic<\/option><option value='Chad' >Chad<\/option><option value='Chile' >Chile<\/option><option value='China' >China<\/option><option value='Christmas Island' >Christmas Island<\/option><option value='Cocos Islands' >Cocos Islands<\/option><option value='Colombia' >Colombia<\/option><option value='Comoros' >Comoros<\/option><option value='Congo, Democratic Republic of the' >Congo, Democratic Republic of the<\/option><option value='Congo, Republic of the' >Congo, Republic of the<\/option><option value='Cook Islands' >Cook Islands<\/option><option value='Costa Rica' >Costa Rica<\/option><option value='Croatia' >Croatia<\/option><option value='Cuba' >Cuba<\/option><option value='Cura\u00e7ao' >Cura\u00e7ao<\/option><option value='Cyprus' >Cyprus<\/option><option value='Czech Republic' >Czech Republic<\/option><option value='C\u00f4te d&#039;Ivoire' >C\u00f4te d&#039;Ivoire<\/option><option value='Denmark' >Denmark<\/option><option value='Djibouti' >Djibouti<\/option><option value='Dominica' >Dominica<\/option><option value='Dominican Republic' >Dominican Republic<\/option><option value='Ecuador' >Ecuador<\/option><option value='Egypt' >Egypt<\/option><option value='El Salvador' >El Salvador<\/option><option value='Equatorial Guinea' >Equatorial Guinea<\/option><option value='Eritrea' >Eritrea<\/option><option value='Estonia' >Estonia<\/option><option value='Eswatini (Swaziland)' >Eswatini (Swaziland)<\/option><option value='Ethiopia' >Ethiopia<\/option><option value='Falkland Islands' >Falkland Islands<\/option><option value='Faroe Islands' >Faroe Islands<\/option><option value='Fiji' >Fiji<\/option><option value='Finland' >Finland<\/option><option value='France' >France<\/option><option value='French Guiana' >French Guiana<\/option><option value='French Polynesia' >French Polynesia<\/option><option value='French Southern Territories' >French Southern Territories<\/option><option value='Gabon' >Gabon<\/option><option value='Gambia' >Gambia<\/option><option value='Georgia' >Georgia<\/option><option value='Germany' >Germany<\/option><option value='Ghana' >Ghana<\/option><option value='Gibraltar' >Gibraltar<\/option><option value='Greece' >Greece<\/option><option value='Greenland' >Greenland<\/option><option value='Grenada' >Grenada<\/option><option value='Guadeloupe' >Guadeloupe<\/option><option value='Guam' >Guam<\/option><option value='Guatemala' >Guatemala<\/option><option value='Guernsey' >Guernsey<\/option><option value='Guinea' >Guinea<\/option><option value='Guinea-Bissau' >Guinea-Bissau<\/option><option value='Guyana' >Guyana<\/option><option value='Haiti' >Haiti<\/option><option value='Heard and McDonald Islands' >Heard and McDonald Islands<\/option><option value='Holy See' >Holy See<\/option><option value='Honduras' >Honduras<\/option><option value='Hong Kong' >Hong Kong<\/option><option value='Hungary' >Hungary<\/option><option value='Iceland' >Iceland<\/option><option value='India' >India<\/option><option value='Indonesia' >Indonesia<\/option><option value='Iran' >Iran<\/option><option value='Iraq' >Iraq<\/option><option value='Ireland' >Ireland<\/option><option value='Isle of Man' >Isle of Man<\/option><option value='Israel' >Israel<\/option><option value='Italy' >Italy<\/option><option value='Jamaica' >Jamaica<\/option><option value='Japan' >Japan<\/option><option value='Jersey' >Jersey<\/option><option value='Jordan' >Jordan<\/option><option value='Kazakhstan' >Kazakhstan<\/option><option value='Kenya' >Kenya<\/option><option value='Kiribati' >Kiribati<\/option><option value='Kuwait' >Kuwait<\/option><option value='Kyrgyzstan' >Kyrgyzstan<\/option><option value='Lao People&#039;s Democratic Republic' >Lao People&#039;s Democratic Republic<\/option><option value='Latvia' >Latvia<\/option><option value='Lebanon' >Lebanon<\/option><option value='Lesotho' >Lesotho<\/option><option value='Liberia' >Liberia<\/option><option value='Libya' >Libya<\/option><option value='Liechtenstein' >Liechtenstein<\/option><option value='Lithuania' >Lithuania<\/option><option value='Luxembourg' >Luxembourg<\/option><option value='Macau' >Macau<\/option><option value='Macedonia' >Macedonia<\/option><option value='Madagascar' >Madagascar<\/option><option value='Malawi' >Malawi<\/option><option value='Malaysia' >Malaysia<\/option><option value='Maldives' >Maldives<\/option><option value='Mali' >Mali<\/option><option value='Malta' >Malta<\/option><option value='Marshall Islands' >Marshall Islands<\/option><option value='Martinique' >Martinique<\/option><option value='Mauritania' >Mauritania<\/option><option value='Mauritius' >Mauritius<\/option><option value='Mayotte' >Mayotte<\/option><option value='Mexico' >Mexico<\/option><option value='Micronesia' >Micronesia<\/option><option value='Moldova' >Moldova<\/option><option value='Monaco' >Monaco<\/option><option value='Mongolia' >Mongolia<\/option><option value='Montenegro' >Montenegro<\/option><option value='Montserrat' >Montserrat<\/option><option value='Morocco' >Morocco<\/option><option value='Mozambique' >Mozambique<\/option><option value='Myanmar' >Myanmar<\/option><option value='Namibia' >Namibia<\/option><option value='Nauru' >Nauru<\/option><option value='Nepal' >Nepal<\/option><option value='Netherlands' >Netherlands<\/option><option value='New Caledonia' >New Caledonia<\/option><option value='New Zealand' >New Zealand<\/option><option value='Nicaragua' >Nicaragua<\/option><option value='Niger' >Niger<\/option><option value='Nigeria' >Nigeria<\/option><option value='Niue' >Niue<\/option><option value='Norfolk Island' >Norfolk Island<\/option><option value='North Korea' >North Korea<\/option><option value='Northern Mariana Islands' >Northern Mariana Islands<\/option><option value='Norway' >Norway<\/option><option value='Oman' >Oman<\/option><option value='Pakistan' >Pakistan<\/option><option value='Palau' >Palau<\/option><option value='Palestine, State of' >Palestine, State of<\/option><option value='Panama' >Panama<\/option><option value='Papua New Guinea' >Papua New Guinea<\/option><option value='Paraguay' >Paraguay<\/option><option value='Peru' >Peru<\/option><option value='Philippines' >Philippines<\/option><option value='Pitcairn' >Pitcairn<\/option><option value='Poland' >Poland<\/option><option value='Portugal' >Portugal<\/option><option value='Puerto Rico' >Puerto Rico<\/option><option value='Qatar' >Qatar<\/option><option value='Romania' >Romania<\/option><option value='Russia' >Russia<\/option><option value='Rwanda' >Rwanda<\/option><option value='R\u00e9union' >R\u00e9union<\/option><option value='Saint Barth\u00e9lemy' >Saint Barth\u00e9lemy<\/option><option value='Saint Helena' >Saint Helena<\/option><option value='Saint Kitts and Nevis' >Saint Kitts and Nevis<\/option><option value='Saint Lucia' >Saint Lucia<\/option><option value='Saint Martin' >Saint Martin<\/option><option value='Saint Pierre and Miquelon' >Saint Pierre and Miquelon<\/option><option value='Saint Vincent and the Grenadines' >Saint Vincent and the Grenadines<\/option><option value='Samoa' >Samoa<\/option><option value='San Marino' >San Marino<\/option><option value='Sao Tome and Principe' >Sao Tome and Principe<\/option><option value='Saudi Arabia' >Saudi Arabia<\/option><option value='Senegal' >Senegal<\/option><option value='Serbia' >Serbia<\/option><option value='Seychelles' >Seychelles<\/option><option value='Sierra Leone' >Sierra Leone<\/option><option value='Singapore' >Singapore<\/option><option value='Sint Maarten' >Sint Maarten<\/option><option value='Slovakia' >Slovakia<\/option><option value='Slovenia' >Slovenia<\/option><option value='Solomon Islands' >Solomon Islands<\/option><option value='Somalia' >Somalia<\/option><option value='South Africa' >South Africa<\/option><option value='South Georgia' >South Georgia<\/option><option value='South Korea' >South Korea<\/option><option value='South Sudan' >South Sudan<\/option><option value='Spain' >Spain<\/option><option value='Sri Lanka' >Sri Lanka<\/option><option value='Sudan' >Sudan<\/option><option value='Suriname' >Suriname<\/option><option value='Svalbard and Jan Mayen Islands' >Svalbard and Jan Mayen Islands<\/option><option value='Sweden' >Sweden<\/option><option value='Switzerland' >Switzerland<\/option><option value='Syria' >Syria<\/option><option value='Taiwan' >Taiwan<\/option><option value='Tajikistan' >Tajikistan<\/option><option value='Tanzania' >Tanzania<\/option><option value='Thailand' >Thailand<\/option><option value='Timor-Leste' >Timor-Leste<\/option><option value='Togo' >Togo<\/option><option value='Tokelau' >Tokelau<\/option><option value='Tonga' >Tonga<\/option><option value='Trinidad and Tobago' >Trinidad and Tobago<\/option><option value='Tunisia' >Tunisia<\/option><option value='Turkey' >Turkey<\/option><option value='Turkmenistan' >Turkmenistan<\/option><option value='Turks and Caicos Islands' >Turks and Caicos Islands<\/option><option value='Tuvalu' >Tuvalu<\/option><option value='US Minor Outlying Islands' >US Minor Outlying Islands<\/option><option value='Uganda' >Uganda<\/option><option value='Ukraine' >Ukraine<\/option><option value='United Arab Emirates' >United Arab Emirates<\/option><option value='United Kingdom' >United Kingdom<\/option><option value='United States' >United States<\/option><option value='Uruguay' >Uruguay<\/option><option value='Uzbekistan' >Uzbekistan<\/option><option value='Vanuatu' >Vanuatu<\/option><option value='Venezuela' >Venezuela<\/option><option value='Vietnam' >Vietnam<\/option><option value='Virgin Islands, British' >Virgin Islands, British<\/option><option value='Virgin Islands, U.S.' >Virgin Islands, U.S.<\/option><option value='Wallis and Futuna' >Wallis and Futuna<\/option><option value='Western Sahara' >Western Sahara<\/option><option value='Yemen' >Yemen<\/option><option value='Zambia' >Zambia<\/option><option value='Zimbabwe' >Zimbabwe<\/option><option value='\u00c5land Islands' >\u00c5land Islands<\/option><\/select>\n                                        <label for='input_3_13_6' id='input_3_13_6_label' class='hidden_sub_label screen-reader-text'>Country<\/label>\n                                    <\/span>\n                    <div class='gf_clear gf_clear_complex'><\/div>\n                <\/div><\/li><li id=\"field_3_7\" class=\"gfield gfield_contains_required field_sublabel_below field_description_below hidden_label gfield_visibility_visible\" ><label class='gfield_label gfield_label_before_complex'  >Consentement\n<span class=\"gfield_required\"><span class=\"gfield_required gfield_required_asterisk\">*<\/span><\/span><\/label><div class='ginput_container ginput_container_consent'><input name='input_7.1' id='input_3_7_1' type='checkbox' value='1' tabindex='13'  aria-required=\"true\" aria-invalid=\"false\"   \/> <label class=\"gfield_consent_label\" for='input_3_7_1' >Je souscris \u00e0 la <a href=\"\/fr\/privacy-policy\">politique de confidentialit\u00e9<\/a><\/label><span class=\"gfield_required gfield_required_asterisk\">*<\/span><input type='hidden' name='input_7.2' value='Je souscris \u00e0 la &lt;a href=&quot;\/fr\/privacy-policy&quot;&gt;politique de confidentialit\u00e9&lt;\/a&gt;' class='gform_hidden' \/><input type='hidden' name='input_7.3' value='3' class='gform_hidden' \/><\/div><\/li><li id=\"field_3_14\" class=\"gfield gform_validation_container field_sublabel_below field_description_below gfield_visibility_visible\" ><label class='gfield_label' for='input_3_14' >Phone<\/label><div class='ginput_container'><input name='input_14' id='input_3_14' type='text' value='' \/><\/div><div class='gfield_description' id='gfield_description_3_14'>This field is for validation purposes and should be left unchanged.<\/div><\/li><\/ul><\/div>\n        <div class='gform_footer top_label'> <input type='submit' id='gform_submit_button_3' class='gform_button button' value='S&#039;inscrire\n' tabindex='14' onclick='if(window[\"gf_submitting_3\"]){return false;}  window[\"gf_submitting_3\"]=true;  ' onkeypress='if( event.keyCode == 13 ){ if(window[\"gf_submitting_3\"]){return false;} window[\"gf_submitting_3\"]=true;  jQuery(\"#gform_3\").trigger(\"submit\",[true]); }' \/> <input type='hidden' name='gform_ajax' value='form_id=3&amp;title=&amp;description=&amp;tabindex=2' \/>\n            <input type='hidden' class='gform_hidden' name='is_submit_3' value='1' \/>\n            <input type='hidden' class='gform_hidden' name='gform_submit' value='3' \/>\n            \n            <input type='hidden' class='gform_hidden' name='gform_unique_id' value='' \/>\n            <input type='hidden' class='gform_hidden' name='state_3' value='WyJ7XCI3LjFcIjpcIjM5MGM5ZjQ3MzAyMmQ3NzNjYjJmODk0Y2EzMzc0NjU0XCIsXCI3LjJcIjpcImU0ODJiMGE3YTcxNjZjZjExNTBmYjc2OGE4MWI4YWE2XCIsXCI3LjNcIjpcIjVmMGMzMDIxYjJmZmM0MmM4NGQ1ZTUxNzY5ZDZiYjI2XCJ9IiwiYWI5Njg2NGFiOWM2MzFjMmE2Y2Y0NzM3MTdkZTIxOTIiXQ==' \/>\n            <input type='hidden' class='gform_hidden' name='gform_target_page_number_3' id='gform_target_page_number_3' value='0' \/>\n            <input type='hidden' class='gform_hidden' name='gform_source_page_number_3' id='gform_source_page_number_3' value='1' \/>\n            <input type='hidden' name='gform_field_values' value='' \/>\n            \n        <\/div>\n                        <p style=\"display: none !important;\" class=\"akismet-fields-container\" data-prefix=\"ak_\"><label>&#916;<textarea name=\"ak_hp_textarea\" cols=\"45\" rows=\"8\" maxlength=\"100\"><\/textarea><\/label><input type=\"hidden\" id=\"ak_js_1\" name=\"ak_js\" value=\"165\"\/><script>document.getElementById( \"ak_js_1\" ).setAttribute( \"value\", ( new Date() ).getTime() );<\/script><\/p><\/form>\n                        <\/div>\n                <iframe style='display:none;width:0px;height:0px;' src='about:blank' name='gform_ajax_frame_3' id='gform_ajax_frame_3' title='This iframe contains the logic required to handle Ajax powered Gravity Forms.'><\/iframe>\n                <script type=\"text\/javascript\">\n\/* <![CDATA[ *\/\n gform.initializeOnLoaded( function() {gformInitSpinner( 3, 'https:\/\/www.eurosilos.it\/wp-content\/plugins\/gravityforms\/images\/spinner.svg' );jQuery('#gform_ajax_frame_3').on('load',function(){var contents = jQuery(this).contents().find('*').html();var is_postback = contents.indexOf('GF_AJAX_POSTBACK') >= 0;if(!is_postback){return;}var form_content = jQuery(this).contents().find('#gform_wrapper_3');var is_confirmation = jQuery(this).contents().find('#gform_confirmation_wrapper_3').length > 0;var is_redirect = contents.indexOf('gformRedirect(){') >= 0;var is_form = form_content.length > 0 && ! is_redirect && ! is_confirmation;var mt = parseInt(jQuery('html').css('margin-top'), 10) + parseInt(jQuery('body').css('margin-top'), 10) + 100;if(is_form){jQuery('#gform_wrapper_3').html(form_content.html());if(form_content.hasClass('gform_validation_error')){jQuery('#gform_wrapper_3').addClass('gform_validation_error');} else {jQuery('#gform_wrapper_3').removeClass('gform_validation_error');}setTimeout( function() { \/* delay the scroll by 50 milliseconds to fix a bug in chrome *\/ jQuery(document).scrollTop(jQuery('#gform_wrapper_3').offset().top - mt); }, 50 );if(window['gformInitDatepicker']) {gformInitDatepicker();}if(window['gformInitPriceFields']) {gformInitPriceFields();}var current_page = jQuery('#gform_source_page_number_3').val();gformInitSpinner( 3, 'https:\/\/www.eurosilos.it\/wp-content\/plugins\/gravityforms\/images\/spinner.svg' );jQuery(document).trigger('gform_page_loaded', [3, current_page]);window['gf_submitting_3'] = false;}else if(!is_redirect){var confirmation_content = jQuery(this).contents().find('.GF_AJAX_POSTBACK').html();if(!confirmation_content){confirmation_content = contents;}setTimeout(function(){jQuery('#gform_wrapper_3').replaceWith(confirmation_content);jQuery(document).scrollTop(jQuery('#gf_3').offset().top - mt);jQuery(document).trigger('gform_confirmation_loaded', [3]);window['gf_submitting_3'] = false;wp.a11y.speak(jQuery('#gform_confirmation_message_3').text());}, 50);}else{jQuery('#gform_3').append(contents);if(window['gformRedirect']) {gformRedirect();}}jQuery(document).trigger('gform_post_render', [3, current_page]);} );} ); \n\/* ]]> *\/\n<\/script>\n","protected":false},"excerpt":{"rendered":"<p>Inscrivez-vous \u00e0 la Newsletter Inscrivez-vous \u00e0 la Newsletter et vous pourrez recevoir r\u00e9guli\u00e8rement toutes les mises \u00e0 jour directement dans [&hellip;]<\/p>\n","protected":false},"author":1,"featured_media":9204,"parent":0,"menu_order":0,"comment_status":"closed","ping_status":"closed","template":"page-newsletter.php","meta":{"footnotes":""},"class_list":["post-9202","page","type-page","status-publish","has-post-thumbnail","hentry"],"jetpack_sharing_enabled":true,"_links":{"self":[{"href":"https:\/\/www.eurosilos.it\/fr\/wp-json\/wp\/v2\/pages\/9202","targetHints":{"allow":["GET"]}}],"collection":[{"href":"https:\/\/www.eurosilos.it\/fr\/wp-json\/wp\/v2\/pages"}],"about":[{"href":"https:\/\/www.eurosilos.it\/fr\/wp-json\/wp\/v2\/types\/page"}],"author":[{"embeddable":true,"href":"https:\/\/www.eurosilos.it\/fr\/wp-json\/wp\/v2\/users\/1"}],"replies":[{"embeddable":true,"href":"https:\/\/www.eurosilos.it\/fr\/wp-json\/wp\/v2\/comments?post=9202"}],"version-history":[{"count":2,"href":"https:\/\/www.eurosilos.it\/fr\/wp-json\/wp\/v2\/pages\/9202\/revisions"}],"predecessor-version":[{"id":9263,"href":"https:\/\/www.eurosilos.it\/fr\/wp-json\/wp\/v2\/pages\/9202\/revisions\/9263"}],"wp:featuredmedia":[{"embeddable":true,"href":"https:\/\/www.eurosilos.it\/fr\/wp-json\/wp\/v2\/media\/9204"}],"wp:attachment":[{"href":"https:\/\/www.eurosilos.it\/fr\/wp-json\/wp\/v2\/media?parent=9202"}],"curies":[{"name":"wp","href":"https:\/\/api.w.org\/{rel}","templated":true}]}}